{"id":640,"date":"2026-03-03T16:55:17","date_gmt":"2026-03-03T16:55:17","guid":{"rendered":"https:\/\/raiceseventos.com.ar\/inicio\/?page_id=640"},"modified":"2026-03-03T19:38:59","modified_gmt":"2026-03-03T19:38:59","slug":"entrada-vip","status":"publish","type":"page","link":"https:\/\/raiceseventos.com.ar\/inicio\/emprendefest-cba\/entrada-vip\/","title":{"rendered":"Entrada VIP"},"content":{"rendered":"\t\t<div data-elementor-type=\"wp-page\" data-elementor-id=\"640\" class=\"elementor elementor-640\">\n\t\t\t\t<div class=\"elementor-element elementor-element-e2046f7 e-flex e-con-boxed e-con e-parent\" data-id=\"e2046f7\" data-element_type=\"container\" data-e-type=\"container\" data-settings=\"{&quot;background_background&quot;:&quot;classic&quot;}\">\n\t\t\t\t\t<div class=\"e-con-inner\">\n\t\t\t\t<div class=\"elementor-element elementor-element-fdfff54 elementor-hidden-tablet elementor-hidden-mobile elementor-widget elementor-widget-spacer\" data-id=\"fdfff54\" data-element_type=\"widget\" data-e-type=\"widget\" data-widget_type=\"spacer.default\">\n\t\t\t\t<div class=\"elementor-widget-container\">\n\t\t\t\t\t\t\t<div class=\"elementor-spacer\">\n\t\t\t<div class=\"elementor-spacer-inner\"><\/div>\n\t\t<\/div>\n\t\t\t\t\t\t<\/div>\n\t\t\t\t<\/div>\n\t\t\t\t\t<\/div>\n\t\t\t\t<\/div>\n\t\t<div class=\"elementor-element elementor-element-5431dee e-flex e-con-boxed e-con e-parent\" data-id=\"5431dee\" data-element_type=\"container\" data-e-type=\"container\" data-settings=\"{&quot;background_background&quot;:&quot;classic&quot;}\">\n\t\t\t\t\t<div class=\"e-con-inner\">\n\t\t<div class=\"elementor-element elementor-element-39158b4 e-con-full e-flex e-con e-child\" data-id=\"39158b4\" data-element_type=\"container\" data-e-type=\"container\">\n\t\t\t\t<div class=\"elementor-element elementor-element-e3590c1 elementor-widget elementor-widget-image\" data-id=\"e3590c1\" data-element_type=\"widget\" data-e-type=\"widget\" data-widget_type=\"image.default\">\n\t\t\t\t<div class=\"elementor-widget-container\">\n\t\t\t\t\t\t\t\t\t\t\t\t\t\t\t<img fetchpriority=\"high\" decoding=\"async\" width=\"1024\" height=\"1024\" src=\"https:\/\/raiceseventos.com.ar\/inicio\/wp-content\/uploads\/2026\/03\/1.jpg\" class=\"attachment-large size-large wp-image-620\" alt=\"\" srcset=\"https:\/\/raiceseventos.com.ar\/inicio\/wp-content\/uploads\/2026\/03\/1.jpg 1024w, https:\/\/raiceseventos.com.ar\/inicio\/wp-content\/uploads\/2026\/03\/1-300x300.jpg 300w, https:\/\/raiceseventos.com.ar\/inicio\/wp-content\/uploads\/2026\/03\/1-150x150.jpg 150w, https:\/\/raiceseventos.com.ar\/inicio\/wp-content\/uploads\/2026\/03\/1-768x768.jpg 768w, https:\/\/raiceseventos.com.ar\/inicio\/wp-content\/uploads\/2026\/03\/1-600x600.jpg 600w, https:\/\/raiceseventos.com.ar\/inicio\/wp-content\/uploads\/2026\/03\/1-450x450.jpg 450w, https:\/\/raiceseventos.com.ar\/inicio\/wp-content\/uploads\/2026\/03\/1-100x100.jpg 100w\" sizes=\"(max-width: 1024px) 100vw, 1024px\" \/>\t\t\t\t\t\t\t\t\t\t\t\t\t\t\t<\/div>\n\t\t\t\t<\/div>\n\t\t\t\t<\/div>\n\t\t<div class=\"elementor-element elementor-element-e5c853f e-con-full e-flex e-con e-child\" data-id=\"e5c853f\" data-element_type=\"container\" data-e-type=\"container\" data-settings=\"{&quot;background_background&quot;:&quot;classic&quot;}\">\n\t\t\t\t<div class=\"elementor-element elementor-element-4cd1eb0 elementor-widget elementor-widget-text-editor\" data-id=\"4cd1eb0\" data-element_type=\"widget\" data-e-type=\"widget\" data-widget_type=\"text-editor.default\">\n\t\t\t\t<div class=\"elementor-widget-container\">\n\t\t\t\t\t\t\t\t\t<ul><li><span class=\"elementor-icon-list-text\">Conferencias<\/span><\/li><li><span class=\"elementor-icon-list-text\">Foyer general con stands y experiencias<\/span><\/li><li><span class=\"elementor-icon-list-text\">Sala VIP \u2013 \u00c1rea c\u00f3moda exclusiva<\/span><\/li><li><span class=\"elementor-icon-list-text\">Coffee break<\/span><\/li><li><span class=\"elementor-icon-list-text\">Bolsa oficial del evento<\/span><\/li><li><span class=\"elementor-icon-list-text\">Asientos VIP en el auditorio<\/span><\/li><li><span class=\"elementor-icon-list-text\">Libro de Ale Leguizam\u00f3n<\/span><\/li><li><span class=\"elementor-icon-list-text\">Regalitos<\/span><\/li><li><span class=\"elementor-icon-list-text\">Oportunidad \u00fanica de networking<\/span><\/li><li><span class=\"elementor-icon-list-text\">Fotos con los speakers<\/span><\/li><li>Firmas de libro<\/li><li>Meet and Greet<\/li><\/ul>\t\t\t\t\t\t\t\t<\/div>\n\t\t\t\t<\/div>\n\t\t\t\t<div class=\"elementor-element elementor-element-25fa211 elementor-widget elementor-widget-text-editor\" data-id=\"25fa211\" data-element_type=\"widget\" data-e-type=\"widget\" data-widget_type=\"text-editor.default\">\n\t\t\t\t<div class=\"elementor-widget-container\">\n\t\t\t\t\t\t\t\t\t<div>Si a\u00fan no compraste tu entrada general<\/div>\t\t\t\t\t\t\t\t<\/div>\n\t\t\t\t<\/div>\n\t\t\t\t<div class=\"elementor-element elementor-element-8970895 elementor-widget elementor-widget-button\" data-id=\"8970895\" data-element_type=\"widget\" data-e-type=\"widget\" data-widget_type=\"button.default\">\n\t\t\t\t<div class=\"elementor-widget-container\">\n\t\t\t\t\t\t\t\t\t<div class=\"elementor-button-wrapper\">\n\t\t\t\t\t<a class=\"elementor-button elementor-button-link elementor-size-sm\" href=\"https:\/\/www.paseshow.com.ar\/eventos\/emprendefest-cordoba-9-de-mayo\">\n\t\t\t\t\t\t<span class=\"elementor-button-content-wrapper\">\n\t\t\t\t\t\t\t\t\t<span class=\"elementor-button-text\">Compr\u00e1 aqu\u00ed tu VIP<\/span>\n\t\t\t\t\t<\/span>\n\t\t\t\t\t<\/a>\n\t\t\t\t<\/div>\n\t\t\t\t\t\t\t\t<\/div>\n\t\t\t\t<\/div>\n\t\t\t\t<div class=\"elementor-element elementor-element-ff480f2 elementor-widget elementor-widget-text-editor\" data-id=\"ff480f2\" data-element_type=\"widget\" data-e-type=\"widget\" data-widget_type=\"text-editor.default\">\n\t\t\t\t<div class=\"elementor-widget-container\">\n\t\t\t\t\t\t\t\t\t<div>Si ya ten\u00e9s tu entrada general y quer\u00e9s hacer un upgrade. <em>Te contactaremos con nuestro equipo (tendr\u00e1s que tener el comprobante de entrada general a mano)<\/em><\/div>\t\t\t\t\t\t\t\t<\/div>\n\t\t\t\t<\/div>\n\t\t\t\t<div class=\"elementor-element elementor-element-dcdc9e8 elementor-widget elementor-widget-button\" data-id=\"dcdc9e8\" data-element_type=\"widget\" data-e-type=\"widget\" data-widget_type=\"button.default\">\n\t\t\t\t<div class=\"elementor-widget-container\">\n\t\t\t\t\t\t\t\t\t<div class=\"elementor-button-wrapper\">\n\t\t\t\t\t<a class=\"elementor-button elementor-button-link elementor-size-sm\" href=\"https:\/\/api.whatsapp.com\/send?phone=3535088628\">\n\t\t\t\t\t\t<span class=\"elementor-button-content-wrapper\">\n\t\t\t\t\t\t\t\t\t<span class=\"elementor-button-text\">Upgrade a VIP!<\/span>\n\t\t\t\t\t<\/span>\n\t\t\t\t\t<\/a>\n\t\t\t\t<\/div>\n\t\t\t\t\t\t\t\t<\/div>\n\t\t\t\t<\/div>\n\t\t\t\t<div class=\"elementor-element elementor-element-8b4dc97 elementor-widget elementor-widget-spacer\" data-id=\"8b4dc97\" data-element_type=\"widget\" data-e-type=\"widget\" data-widget_type=\"spacer.default\">\n\t\t\t\t<div class=\"elementor-widget-container\">\n\t\t\t\t\t\t\t<div class=\"elementor-spacer\">\n\t\t\t<div class=\"elementor-spacer-inner\"><\/div>\n\t\t<\/div>\n\t\t\t\t\t\t<\/div>\n\t\t\t\t<\/div>\n\t\t\t\t<\/div>\n\t\t\t\t<div class=\"elementor-element elementor-element-3ee81d6 elementor-widget elementor-widget-spacer\" data-id=\"3ee81d6\" data-element_type=\"widget\" data-e-type=\"widget\" data-widget_type=\"spacer.default\">\n\t\t\t\t<div class=\"elementor-widget-container\">\n\t\t\t\t\t\t\t<div class=\"elementor-spacer\">\n\t\t\t<div class=\"elementor-spacer-inner\"><\/div>\n\t\t<\/div>\n\t\t\t\t\t\t<\/div>\n\t\t\t\t<\/div>\n\t\t\t\t\t<\/div>\n\t\t\t\t<\/div>\n\t\t<div class=\"elementor-element elementor-element-a6cd228 elementor-hidden-tablet elementor-hidden-mobile e-flex e-con-boxed e-con e-parent\" data-id=\"a6cd228\" data-element_type=\"container\" data-e-type=\"container\" data-settings=\"{&quot;background_background&quot;:&quot;classic&quot;}\">\n\t\t\t\t\t<div class=\"e-con-inner\">\n\t\t\t\t<div class=\"elementor-element elementor-element-1ea5f17 elementor-widget elementor-widget-spacer\" data-id=\"1ea5f17\" data-element_type=\"widget\" data-e-type=\"widget\" data-widget_type=\"spacer.default\">\n\t\t\t\t<div class=\"elementor-widget-container\">\n\t\t\t\t\t\t\t<div class=\"elementor-spacer\">\n\t\t\t<div class=\"elementor-spacer-inner\"><\/div>\n\t\t<\/div>\n\t\t\t\t\t\t<\/div>\n\t\t\t\t<\/div>\n\t\t\t\t\t<\/div>\n\t\t\t\t<\/div>\n\t\t\t\t<\/div>\n\t\t","protected":false},"excerpt":{"rendered":"<p>Conferencias Foyer general con stands y experiencias Sala VIP \u2013 \u00c1rea c\u00f3moda exclusiva Coffee break Bolsa oficial del evento Asientos VIP en el auditorio Libro de Ale Leguizam\u00f3n Regalitos Oportunidad \u00fanica de networking Fotos con los speakers Firmas de libro Meet and Greet Si a\u00fan no compraste tu entrada general Compr\u00e1 aqu\u00ed tu VIP Si [&hellip;]<\/p>\n","protected":false},"author":2,"featured_media":0,"parent":556,"menu_order":0,"comment_status":"closed","ping_status":"closed","template":"","meta":{"two_page_speed":[],"footnotes":""},"class_list":["post-640","page","type-page","status-publish","hentry"],"jetpack_sharing_enabled":true,"_links":{"self":[{"href":"https:\/\/raiceseventos.com.ar\/inicio\/wp-json\/wp\/v2\/pages\/640","targetHints":{"allow":["GET"]}}],"collection":[{"href":"https:\/\/raiceseventos.com.ar\/inicio\/wp-json\/wp\/v2\/pages"}],"about":[{"href":"https:\/\/raiceseventos.com.ar\/inicio\/wp-json\/wp\/v2\/types\/page"}],"author":[{"embeddable":true,"href":"https:\/\/raiceseventos.com.ar\/inicio\/wp-json\/wp\/v2\/users\/2"}],"replies":[{"embeddable":true,"href":"https:\/\/raiceseventos.com.ar\/inicio\/wp-json\/wp\/v2\/comments?post=640"}],"version-history":[{"count":23,"href":"https:\/\/raiceseventos.com.ar\/inicio\/wp-json\/wp\/v2\/pages\/640\/revisions"}],"predecessor-version":[{"id":750,"href":"https:\/\/raiceseventos.com.ar\/inicio\/wp-json\/wp\/v2\/pages\/640\/revisions\/750"}],"up":[{"embeddable":true,"href":"https:\/\/raiceseventos.com.ar\/inicio\/wp-json\/wp\/v2\/pages\/556"}],"wp:attachment":[{"href":"https:\/\/raiceseventos.com.ar\/inicio\/wp-json\/wp\/v2\/media?parent=640"}],"curies":[{"name":"wp","href":"https:\/\/api.w.org\/{rel}","templated":true}]}}