{"id":697,"date":"2026-03-03T18:31:20","date_gmt":"2026-03-03T18:31:20","guid":{"rendered":"https:\/\/raiceseventos.com.ar\/inicio\/?page_id=697"},"modified":"2026-03-03T19:41:08","modified_gmt":"2026-03-03T19:41:08","slug":"reel","status":"publish","type":"page","link":"https:\/\/raiceseventos.com.ar\/inicio\/emprendefest-cba\/reel\/","title":{"rendered":"Reel"},"content":{"rendered":"\t\t<div data-elementor-type=\"wp-page\" data-elementor-id=\"697\" class=\"elementor elementor-697\">\n\t\t\t\t<div class=\"elementor-element elementor-element-e2046f7 e-flex e-con-boxed e-con e-parent\" data-id=\"e2046f7\" data-element_type=\"container\" data-e-type=\"container\" data-settings=\"{&quot;background_background&quot;:&quot;classic&quot;}\">\n\t\t\t\t\t<div class=\"e-con-inner\">\n\t\t\t\t<div class=\"elementor-element elementor-element-fdfff54 elementor-hidden-tablet elementor-hidden-mobile elementor-widget elementor-widget-spacer\" data-id=\"fdfff54\" data-element_type=\"widget\" data-e-type=\"widget\" data-widget_type=\"spacer.default\">\n\t\t\t\t<div class=\"elementor-widget-container\">\n\t\t\t\t\t\t\t<div class=\"elementor-spacer\">\n\t\t\t<div class=\"elementor-spacer-inner\"><\/div>\n\t\t<\/div>\n\t\t\t\t\t\t<\/div>\n\t\t\t\t<\/div>\n\t\t\t\t\t<\/div>\n\t\t\t\t<\/div>\n\t\t<div class=\"elementor-element elementor-element-5431dee e-flex e-con-boxed e-con e-parent\" data-id=\"5431dee\" data-element_type=\"container\" data-e-type=\"container\" data-settings=\"{&quot;background_background&quot;:&quot;classic&quot;}\">\n\t\t\t\t\t<div class=\"e-con-inner\">\n\t\t<div class=\"elementor-element elementor-element-39158b4 e-con-full e-flex e-con e-child\" data-id=\"39158b4\" data-element_type=\"container\" data-e-type=\"container\">\n\t\t\t\t<div class=\"elementor-element elementor-element-e3590c1 elementor-widget elementor-widget-image\" data-id=\"e3590c1\" data-element_type=\"widget\" data-e-type=\"widget\" data-widget_type=\"image.default\">\n\t\t\t\t<div class=\"elementor-widget-container\">\n\t\t\t\t\t\t\t\t\t\t\t\t\t\t\t<img fetchpriority=\"high\" decoding=\"async\" width=\"1024\" height=\"1024\" src=\"https:\/\/raiceseventos.com.ar\/inicio\/wp-content\/uploads\/2026\/03\/6.jpg\" class=\"attachment-large size-large wp-image-625\" alt=\"\" srcset=\"https:\/\/raiceseventos.com.ar\/inicio\/wp-content\/uploads\/2026\/03\/6.jpg 1024w, https:\/\/raiceseventos.com.ar\/inicio\/wp-content\/uploads\/2026\/03\/6-300x300.jpg 300w, https:\/\/raiceseventos.com.ar\/inicio\/wp-content\/uploads\/2026\/03\/6-150x150.jpg 150w, https:\/\/raiceseventos.com.ar\/inicio\/wp-content\/uploads\/2026\/03\/6-768x768.jpg 768w, https:\/\/raiceseventos.com.ar\/inicio\/wp-content\/uploads\/2026\/03\/6-600x600.jpg 600w, https:\/\/raiceseventos.com.ar\/inicio\/wp-content\/uploads\/2026\/03\/6-450x450.jpg 450w, https:\/\/raiceseventos.com.ar\/inicio\/wp-content\/uploads\/2026\/03\/6-100x100.jpg 100w\" sizes=\"(max-width: 1024px) 100vw, 1024px\" \/>\t\t\t\t\t\t\t\t\t\t\t\t\t\t\t<\/div>\n\t\t\t\t<\/div>\n\t\t\t\t<\/div>\n\t\t<div class=\"elementor-element elementor-element-e5c853f e-con-full e-flex e-con e-child\" data-id=\"e5c853f\" data-element_type=\"container\" data-e-type=\"container\" data-settings=\"{&quot;background_background&quot;:&quot;classic&quot;}\">\n\t\t\t\t<div class=\"elementor-element elementor-element-4cd1eb0 elementor-widget elementor-widget-text-editor\" data-id=\"4cd1eb0\" data-element_type=\"widget\" data-e-type=\"widget\" data-widget_type=\"text-editor.default\">\n\t\t\t\t<div class=\"elementor-widget-container\">\n\t\t\t\t\t\t\t\t\t<p data-start=\"151\" data-end=\"245\">Mostr\u00e1 tu marca en acci\u00f3n dentro del evento y conect\u00e1 con una comunidad real de emprendedores.<\/p><p data-start=\"247\" data-end=\"349\">Pod\u00e9s elegir:<br data-start=\"260\" data-end=\"263\" \/>\u2022 Experiencia con el p\u00fablico en vivo<br data-start=\"299\" data-end=\"302\" \/>\u2022 Entrevista contando tu historia y propuesta<\/p><p data-start=\"247\" data-end=\"349\">Se publica en formato colaborativo con @emprendefest_arg + @produc.raices + @PedritoVeronese + tu marca.<\/p><p data-start=\"445\" data-end=\"501\">M\u00e1s visibilidad. M\u00e1s posicionamiento. M\u00e1s autoridad.<\/p>\t\t\t\t\t\t\t\t<\/div>\n\t\t\t\t<\/div>\n\t\t\t\t<div class=\"elementor-element elementor-element-8970895 elementor-widget elementor-widget-button\" data-id=\"8970895\" data-element_type=\"widget\" data-e-type=\"widget\" data-widget_type=\"button.default\">\n\t\t\t\t<div class=\"elementor-widget-container\">\n\t\t\t\t\t\t\t\t\t<div class=\"elementor-button-wrapper\">\n\t\t\t\t\t<a class=\"elementor-button elementor-button-link elementor-size-sm\" href=\"http:\/\/wa.link\/9gda2h\">\n\t\t\t\t\t\t<span class=\"elementor-button-content-wrapper\">\n\t\t\t\t\t\t\t\t\t<span class=\"elementor-button-text\">Quiero m\u00e1s info!<\/span>\n\t\t\t\t\t<\/span>\n\t\t\t\t\t<\/a>\n\t\t\t\t<\/div>\n\t\t\t\t\t\t\t\t<\/div>\n\t\t\t\t<\/div>\n\t\t\t\t<div class=\"elementor-element elementor-element-f0ecddd elementor-widget elementor-widget-spacer\" data-id=\"f0ecddd\" data-element_type=\"widget\" data-e-type=\"widget\" data-widget_type=\"spacer.default\">\n\t\t\t\t<div class=\"elementor-widget-container\">\n\t\t\t\t\t\t\t<div class=\"elementor-spacer\">\n\t\t\t<div class=\"elementor-spacer-inner\"><\/div>\n\t\t<\/div>\n\t\t\t\t\t\t<\/div>\n\t\t\t\t<\/div>\n\t\t\t\t<\/div>\n\t\t\t\t<div class=\"elementor-element elementor-element-3ee81d6 elementor-widget elementor-widget-spacer\" data-id=\"3ee81d6\" data-element_type=\"widget\" data-e-type=\"widget\" data-widget_type=\"spacer.default\">\n\t\t\t\t<div class=\"elementor-widget-container\">\n\t\t\t\t\t\t\t<div class=\"elementor-spacer\">\n\t\t\t<div class=\"elementor-spacer-inner\"><\/div>\n\t\t<\/div>\n\t\t\t\t\t\t<\/div>\n\t\t\t\t<\/div>\n\t\t\t\t\t<\/div>\n\t\t\t\t<\/div>\n\t\t<div class=\"elementor-element elementor-element-a6cd228 elementor-hidden-tablet elementor-hidden-mobile e-flex e-con-boxed e-con e-parent\" data-id=\"a6cd228\" data-element_type=\"container\" data-e-type=\"container\" data-settings=\"{&quot;background_background&quot;:&quot;classic&quot;}\">\n\t\t\t\t\t<div class=\"e-con-inner\">\n\t\t\t\t<div class=\"elementor-element elementor-element-1ea5f17 elementor-widget elementor-widget-spacer\" data-id=\"1ea5f17\" data-element_type=\"widget\" data-e-type=\"widget\" data-widget_type=\"spacer.default\">\n\t\t\t\t<div class=\"elementor-widget-container\">\n\t\t\t\t\t\t\t<div class=\"elementor-spacer\">\n\t\t\t<div class=\"elementor-spacer-inner\"><\/div>\n\t\t<\/div>\n\t\t\t\t\t\t<\/div>\n\t\t\t\t<\/div>\n\t\t\t\t\t<\/div>\n\t\t\t\t<\/div>\n\t\t\t\t<\/div>\n\t\t","protected":false},"excerpt":{"rendered":"<p>Mostr\u00e1 tu marca en acci\u00f3n dentro del evento y conect\u00e1 con una comunidad real de emprendedores. Pod\u00e9s elegir:\u2022 Experiencia con el p\u00fablico en vivo\u2022 Entrevista contando tu historia y propuesta Se publica en formato colaborativo con @emprendefest_arg + @produc.raices + @PedritoVeronese + tu marca. M\u00e1s visibilidad. M\u00e1s posicionamiento. M\u00e1s autoridad. Quiero m\u00e1s info!<\/p>\n","protected":false},"author":2,"featured_media":0,"parent":556,"menu_order":0,"comment_status":"closed","ping_status":"closed","template":"","meta":{"two_page_speed":[],"footnotes":""},"class_list":["post-697","page","type-page","status-publish","hentry"],"jetpack_sharing_enabled":true,"_links":{"self":[{"href":"https:\/\/raiceseventos.com.ar\/inicio\/wp-json\/wp\/v2\/pages\/697","targetHints":{"allow":["GET"]}}],"collection":[{"href":"https:\/\/raiceseventos.com.ar\/inicio\/wp-json\/wp\/v2\/pages"}],"about":[{"href":"https:\/\/raiceseventos.com.ar\/inicio\/wp-json\/wp\/v2\/types\/page"}],"author":[{"embeddable":true,"href":"https:\/\/raiceseventos.com.ar\/inicio\/wp-json\/wp\/v2\/users\/2"}],"replies":[{"embeddable":true,"href":"https:\/\/raiceseventos.com.ar\/inicio\/wp-json\/wp\/v2\/comments?post=697"}],"version-history":[{"count":7,"href":"https:\/\/raiceseventos.com.ar\/inicio\/wp-json\/wp\/v2\/pages\/697\/revisions"}],"predecessor-version":[{"id":775,"href":"https:\/\/raiceseventos.com.ar\/inicio\/wp-json\/wp\/v2\/pages\/697\/revisions\/775"}],"up":[{"embeddable":true,"href":"https:\/\/raiceseventos.com.ar\/inicio\/wp-json\/wp\/v2\/pages\/556"}],"wp:attachment":[{"href":"https:\/\/raiceseventos.com.ar\/inicio\/wp-json\/wp\/v2\/media?parent=697"}],"curies":[{"name":"wp","href":"https:\/\/api.w.org\/{rel}","templated":true}]}}