{"id":726,"date":"2026-03-03T18:49:47","date_gmt":"2026-03-03T18:49:47","guid":{"rendered":"https:\/\/raiceseventos.com.ar\/inicio\/?page_id=726"},"modified":"2026-03-03T19:45:09","modified_gmt":"2026-03-03T19:45:09","slug":"embajadoras","status":"publish","type":"page","link":"https:\/\/raiceseventos.com.ar\/inicio\/emprendefest-cba\/embajadoras\/","title":{"rendered":"Embajadoras"},"content":{"rendered":"\t\t<div data-elementor-type=\"wp-page\" data-elementor-id=\"726\" class=\"elementor elementor-726\">\n\t\t\t\t<div class=\"elementor-element elementor-element-e2046f7 e-flex e-con-boxed e-con e-parent\" data-id=\"e2046f7\" data-element_type=\"container\" data-e-type=\"container\" data-settings=\"{&quot;background_background&quot;:&quot;classic&quot;}\">\n\t\t\t\t\t<div class=\"e-con-inner\">\n\t\t\t\t<div class=\"elementor-element elementor-element-fdfff54 elementor-hidden-tablet elementor-hidden-mobile elementor-widget elementor-widget-spacer\" data-id=\"fdfff54\" data-element_type=\"widget\" data-e-type=\"widget\" data-widget_type=\"spacer.default\">\n\t\t\t\t<div class=\"elementor-widget-container\">\n\t\t\t\t\t\t\t<div class=\"elementor-spacer\">\n\t\t\t<div class=\"elementor-spacer-inner\"><\/div>\n\t\t<\/div>\n\t\t\t\t\t\t<\/div>\n\t\t\t\t<\/div>\n\t\t\t\t\t<\/div>\n\t\t\t\t<\/div>\n\t\t<div class=\"elementor-element elementor-element-0bb1a92 e-flex e-con-boxed e-con e-parent\" data-id=\"0bb1a92\" data-element_type=\"container\" data-e-type=\"container\" data-settings=\"{&quot;background_background&quot;:&quot;classic&quot;}\">\n\t\t\t\t\t<div class=\"e-con-inner\">\n\t\t<div class=\"elementor-element elementor-element-70e8405 e-con-full e-flex e-con e-child\" data-id=\"70e8405\" data-element_type=\"container\" data-e-type=\"container\">\n\t\t\t\t<div class=\"elementor-element elementor-element-9703a23 elementor-widget elementor-widget-image\" data-id=\"9703a23\" data-element_type=\"widget\" data-e-type=\"widget\" data-widget_type=\"image.default\">\n\t\t\t\t<div class=\"elementor-widget-container\">\n\t\t\t\t\t\t\t\t\t\t\t\t\t\t\t<img fetchpriority=\"high\" decoding=\"async\" width=\"1024\" height=\"1024\" src=\"https:\/\/raiceseventos.com.ar\/inicio\/wp-content\/uploads\/2026\/03\/11.jpg\" class=\"attachment-large size-large wp-image-630\" alt=\"\" srcset=\"https:\/\/raiceseventos.com.ar\/inicio\/wp-content\/uploads\/2026\/03\/11.jpg 1024w, https:\/\/raiceseventos.com.ar\/inicio\/wp-content\/uploads\/2026\/03\/11-300x300.jpg 300w, https:\/\/raiceseventos.com.ar\/inicio\/wp-content\/uploads\/2026\/03\/11-150x150.jpg 150w, https:\/\/raiceseventos.com.ar\/inicio\/wp-content\/uploads\/2026\/03\/11-768x768.jpg 768w, https:\/\/raiceseventos.com.ar\/inicio\/wp-content\/uploads\/2026\/03\/11-600x600.jpg 600w, https:\/\/raiceseventos.com.ar\/inicio\/wp-content\/uploads\/2026\/03\/11-450x450.jpg 450w, https:\/\/raiceseventos.com.ar\/inicio\/wp-content\/uploads\/2026\/03\/11-100x100.jpg 100w\" sizes=\"(max-width: 1024px) 100vw, 1024px\" \/>\t\t\t\t\t\t\t\t\t\t\t\t\t\t\t<\/div>\n\t\t\t\t<\/div>\n\t\t\t\t<div class=\"elementor-element elementor-element-4cd1eb0 elementor-widget elementor-widget-text-editor\" data-id=\"4cd1eb0\" data-element_type=\"widget\" data-e-type=\"widget\" data-widget_type=\"text-editor.default\">\n\t\t\t\t<div class=\"elementor-widget-container\">\n\t\t\t\t\t\t\t\t\t<p data-start=\"177\" data-end=\"265\"><strong>Convertite en promotora oficial del EmprendeFest y acerc\u00e1 la experiencia a tu comunidad.<\/strong><\/p><p data-start=\"267\" data-end=\"385\">Acced\u00e9s a 10 entradas a valor preferencial para que puedas venderlas y generar tu propia ganancia.<\/p><p data-start=\"387\" data-end=\"502\">Es ideal si quer\u00e9s recomendar el evento, sumar valor a tu audiencia y empezar a formar parte activa del movimiento.<\/p><p data-start=\"504\" data-end=\"547\">Compart\u00eds. Invit\u00e1s. Crec\u00e9s junto al evento.<\/p>\t\t\t\t\t\t\t\t<\/div>\n\t\t\t\t<\/div>\n\t\t\t\t<\/div>\n\t\t<div class=\"elementor-element elementor-element-0ef583d e-con-full e-flex e-con e-child\" data-id=\"0ef583d\" data-element_type=\"container\" data-e-type=\"container\" data-settings=\"{&quot;background_background&quot;:&quot;classic&quot;}\">\n\t\t\t\t<div class=\"elementor-element elementor-element-b1fef7c elementor-widget elementor-widget-image\" data-id=\"b1fef7c\" data-element_type=\"widget\" data-e-type=\"widget\" data-widget_type=\"image.default\">\n\t\t\t\t<div class=\"elementor-widget-container\">\n\t\t\t\t\t\t\t\t\t\t\t\t\t\t\t<img decoding=\"async\" width=\"1024\" height=\"1024\" src=\"https:\/\/raiceseventos.com.ar\/inicio\/wp-content\/uploads\/2026\/03\/12.jpg\" class=\"attachment-large size-large wp-image-631\" alt=\"\" srcset=\"https:\/\/raiceseventos.com.ar\/inicio\/wp-content\/uploads\/2026\/03\/12.jpg 1024w, https:\/\/raiceseventos.com.ar\/inicio\/wp-content\/uploads\/2026\/03\/12-300x300.jpg 300w, https:\/\/raiceseventos.com.ar\/inicio\/wp-content\/uploads\/2026\/03\/12-150x150.jpg 150w, https:\/\/raiceseventos.com.ar\/inicio\/wp-content\/uploads\/2026\/03\/12-768x768.jpg 768w, https:\/\/raiceseventos.com.ar\/inicio\/wp-content\/uploads\/2026\/03\/12-600x600.jpg 600w, https:\/\/raiceseventos.com.ar\/inicio\/wp-content\/uploads\/2026\/03\/12-450x450.jpg 450w, https:\/\/raiceseventos.com.ar\/inicio\/wp-content\/uploads\/2026\/03\/12-100x100.jpg 100w\" sizes=\"(max-width: 1024px) 100vw, 1024px\" \/>\t\t\t\t\t\t\t\t\t\t\t\t\t\t\t<\/div>\n\t\t\t\t<\/div>\n\t\t\t\t<div class=\"elementor-element elementor-element-83a64f4 elementor-widget elementor-widget-text-editor\" data-id=\"83a64f4\" data-element_type=\"widget\" data-e-type=\"widget\" data-widget_type=\"text-editor.default\">\n\t\t\t\t<div class=\"elementor-widget-container\">\n\t\t\t\t\t\t\t\t\t<p data-start=\"578\" data-end=\"613\"><strong>Un paso m\u00e1s en liderazgo y alcance.<\/strong><\/p><p data-start=\"615\" data-end=\"712\">Acced\u00e9s a 15 entradas a menor valor que embajadora Bronce ampliando tu margen y tu impacto.<\/p><p data-start=\"714\" data-end=\"844\">Es para quienes ya tienen comunidad y quieren posicionarse como referentes que conectan personas con experiencias transformadoras.<\/p><p data-start=\"846\" data-end=\"928\">M\u00e1s alcance.<br data-start=\"858\" data-end=\"861\" \/>M\u00e1s beneficios.<br data-start=\"876\" data-end=\"879\" \/>M\u00e1s presencia dentro del ecosistema EmprendeFest.<\/p>\t\t\t\t\t\t\t\t<\/div>\n\t\t\t\t<\/div>\n\t\t\t\t<\/div>\n\t\t<div class=\"elementor-element elementor-element-e2727f0 e-con-full e-flex e-con e-child\" data-id=\"e2727f0\" data-element_type=\"container\" data-e-type=\"container\" data-settings=\"{&quot;background_background&quot;:&quot;classic&quot;}\">\n\t\t\t\t<div class=\"elementor-element elementor-element-b48e422 elementor-widget elementor-widget-image\" data-id=\"b48e422\" data-element_type=\"widget\" data-e-type=\"widget\" data-widget_type=\"image.default\">\n\t\t\t\t<div class=\"elementor-widget-container\">\n\t\t\t\t\t\t\t\t\t\t\t\t\t\t\t<img decoding=\"async\" width=\"1024\" height=\"1024\" src=\"https:\/\/raiceseventos.com.ar\/inicio\/wp-content\/uploads\/2026\/03\/13.jpg\" class=\"attachment-large size-large wp-image-632\" alt=\"\" srcset=\"https:\/\/raiceseventos.com.ar\/inicio\/wp-content\/uploads\/2026\/03\/13.jpg 1024w, https:\/\/raiceseventos.com.ar\/inicio\/wp-content\/uploads\/2026\/03\/13-300x300.jpg 300w, https:\/\/raiceseventos.com.ar\/inicio\/wp-content\/uploads\/2026\/03\/13-150x150.jpg 150w, https:\/\/raiceseventos.com.ar\/inicio\/wp-content\/uploads\/2026\/03\/13-768x768.jpg 768w, https:\/\/raiceseventos.com.ar\/inicio\/wp-content\/uploads\/2026\/03\/13-600x600.jpg 600w, https:\/\/raiceseventos.com.ar\/inicio\/wp-content\/uploads\/2026\/03\/13-450x450.jpg 450w, https:\/\/raiceseventos.com.ar\/inicio\/wp-content\/uploads\/2026\/03\/13-100x100.jpg 100w\" sizes=\"(max-width: 1024px) 100vw, 1024px\" \/>\t\t\t\t\t\t\t\t\t\t\t\t\t\t\t<\/div>\n\t\t\t\t<\/div>\n\t\t\t\t<div class=\"elementor-element elementor-element-c0b3f4e elementor-widget elementor-widget-text-editor\" data-id=\"c0b3f4e\" data-element_type=\"widget\" data-e-type=\"widget\" data-widget_type=\"text-editor.default\">\n\t\t\t\t<div class=\"elementor-widget-container\">\n\t\t\t\t\t\t\t\t\t<p data-start=\"961\" data-end=\"1011\"><strong>La categor\u00eda para quienes quieren jugar en grande.<\/strong><\/p><p data-start=\"1013\" data-end=\"1166\">Acced\u00e9s a 25 entradas preferenciales y adem\u00e1s cont\u00e1s con un espacio f\u00edsico dentro del evento para activar tu marca y conectar cara a cara con el p\u00fablico.<\/p><p data-start=\"1168\" data-end=\"1221\">Sos parte visible del evento<\/p><p data-start=\"1223\" data-end=\"1310\">Ideal si quer\u00e9s monetizar, posicionarte y tener presencia real dentro del EmprendeFest.<\/p>\t\t\t\t\t\t\t\t<\/div>\n\t\t\t\t<\/div>\n\t\t\t\t<\/div>\n\t\t\t\t\t<\/div>\n\t\t\t\t<\/div>\n\t\t<div class=\"elementor-element elementor-element-5431dee e-flex e-con-boxed e-con e-parent\" data-id=\"5431dee\" data-element_type=\"container\" data-e-type=\"container\" data-settings=\"{&quot;background_background&quot;:&quot;classic&quot;}\">\n\t\t\t\t\t<div class=\"e-con-inner\">\n\t\t\t\t<div class=\"elementor-element elementor-element-3ee81d6 elementor-widget elementor-widget-spacer\" data-id=\"3ee81d6\" data-element_type=\"widget\" data-e-type=\"widget\" data-widget_type=\"spacer.default\">\n\t\t\t\t<div class=\"elementor-widget-container\">\n\t\t\t\t\t\t\t<div class=\"elementor-spacer\">\n\t\t\t<div class=\"elementor-spacer-inner\"><\/div>\n\t\t<\/div>\n\t\t\t\t\t\t<\/div>\n\t\t\t\t<\/div>\n\t\t\t\t\t<\/div>\n\t\t\t\t<\/div>\n\t\t<div class=\"elementor-element elementor-element-224c672 e-flex e-con-boxed e-con e-parent\" data-id=\"224c672\" data-element_type=\"container\" data-e-type=\"container\" data-settings=\"{&quot;background_background&quot;:&quot;classic&quot;}\">\n\t\t\t\t\t<div class=\"e-con-inner\">\n\t\t<div class=\"elementor-element elementor-element-5377ea5 e-con-full e-flex e-con e-child\" data-id=\"5377ea5\" data-element_type=\"container\" data-e-type=\"container\">\n\t\t\t\t<\/div>\n\t\t<div class=\"elementor-element elementor-element-2c7ebc1 e-con-full e-flex e-con e-child\" data-id=\"2c7ebc1\" data-element_type=\"container\" data-e-type=\"container\">\n\t\t\t\t<div class=\"elementor-element elementor-element-1ea5f17 elementor-widget elementor-widget-spacer\" data-id=\"1ea5f17\" data-element_type=\"widget\" data-e-type=\"widget\" data-widget_type=\"spacer.default\">\n\t\t\t\t<div class=\"elementor-widget-container\">\n\t\t\t\t\t\t\t<div class=\"elementor-spacer\">\n\t\t\t<div class=\"elementor-spacer-inner\"><\/div>\n\t\t<\/div>\n\t\t\t\t\t\t<\/div>\n\t\t\t\t<\/div>\n\t\t\t\t<div class=\"elementor-element elementor-element-5ef84d9 elementor-widget elementor-widget-heading\" data-id=\"5ef84d9\" data-element_type=\"widget\" data-e-type=\"widget\" data-widget_type=\"heading.default\">\n\t\t\t\t<div class=\"elementor-widget-container\">\n\t\t\t\t\t<h2 class=\"elementor-heading-title elementor-size-default\">Tendremos un encuentro virtual el lunes 9 de Marzo donde te contamos todo.<\/h2>\t\t\t\t<\/div>\n\t\t\t\t<\/div>\n\t\t\t\t<div class=\"elementor-element elementor-element-8970895 elementor-align-center elementor-widget elementor-widget-button\" data-id=\"8970895\" data-element_type=\"widget\" data-e-type=\"widget\" data-widget_type=\"button.default\">\n\t\t\t\t<div class=\"elementor-widget-container\">\n\t\t\t\t\t\t\t\t\t<div class=\"elementor-button-wrapper\">\n\t\t\t\t\t<a class=\"elementor-button elementor-button-link elementor-size-sm\" href=\"https:\/\/docs.google.com\/forms\/d\/e\/1FAIpQLSfwNsmCDmTCiWCZB-4a8WVcKGxrayaJCGef3rIqqlbY3SxNjw\/viewform?usp=share_link&#038;ouid=107237243431854472661\">\n\t\t\t\t\t\t<span class=\"elementor-button-content-wrapper\">\n\t\t\t\t\t\t\t\t\t<span class=\"elementor-button-text\">Registrate aqu\u00ed para m\u00e1s info<\/span>\n\t\t\t\t\t<\/span>\n\t\t\t\t\t<\/a>\n\t\t\t\t<\/div>\n\t\t\t\t\t\t\t\t<\/div>\n\t\t\t\t<\/div>\n\t\t\t\t<div class=\"elementor-element elementor-element-18c4eb9 elementor-widget elementor-widget-spacer\" data-id=\"18c4eb9\" data-element_type=\"widget\" data-e-type=\"widget\" data-widget_type=\"spacer.default\">\n\t\t\t\t<div class=\"elementor-widget-container\">\n\t\t\t\t\t\t\t<div class=\"elementor-spacer\">\n\t\t\t<div class=\"elementor-spacer-inner\"><\/div>\n\t\t<\/div>\n\t\t\t\t\t\t<\/div>\n\t\t\t\t<\/div>\n\t\t\t\t<\/div>\n\t\t<div class=\"elementor-element elementor-element-e66aba1 e-con-full e-flex e-con e-child\" data-id=\"e66aba1\" data-element_type=\"container\" data-e-type=\"container\">\n\t\t\t\t<\/div>\n\t\t\t\t\t<\/div>\n\t\t\t\t<\/div>\n\t\t\t\t<\/div>\n\t\t","protected":false},"excerpt":{"rendered":"<p>Convertite en promotora oficial del EmprendeFest y acerc\u00e1 la experiencia a tu comunidad. Acced\u00e9s a 10 entradas a valor preferencial para que puedas venderlas y generar tu propia ganancia. Es ideal si quer\u00e9s recomendar el evento, sumar valor a tu audiencia y empezar a formar parte activa del movimiento. Compart\u00eds. Invit\u00e1s. Crec\u00e9s junto al evento. [&hellip;]<\/p>\n","protected":false},"author":2,"featured_media":0,"parent":556,"menu_order":0,"comment_status":"closed","ping_status":"closed","template":"","meta":{"two_page_speed":[],"footnotes":""},"class_list":["post-726","page","type-page","status-publish","hentry"],"jetpack_sharing_enabled":true,"_links":{"self":[{"href":"https:\/\/raiceseventos.com.ar\/inicio\/wp-json\/wp\/v2\/pages\/726","targetHints":{"allow":["GET"]}}],"collection":[{"href":"https:\/\/raiceseventos.com.ar\/inicio\/wp-json\/wp\/v2\/pages"}],"about":[{"href":"https:\/\/raiceseventos.com.ar\/inicio\/wp-json\/wp\/v2\/types\/page"}],"author":[{"embeddable":true,"href":"https:\/\/raiceseventos.com.ar\/inicio\/wp-json\/wp\/v2\/users\/2"}],"replies":[{"embeddable":true,"href":"https:\/\/raiceseventos.com.ar\/inicio\/wp-json\/wp\/v2\/comments?post=726"}],"version-history":[{"count":10,"href":"https:\/\/raiceseventos.com.ar\/inicio\/wp-json\/wp\/v2\/pages\/726\/revisions"}],"predecessor-version":[{"id":781,"href":"https:\/\/raiceseventos.com.ar\/inicio\/wp-json\/wp\/v2\/pages\/726\/revisions\/781"}],"up":[{"embeddable":true,"href":"https:\/\/raiceseventos.com.ar\/inicio\/wp-json\/wp\/v2\/pages\/556"}],"wp:attachment":[{"href":"https:\/\/raiceseventos.com.ar\/inicio\/wp-json\/wp\/v2\/media?parent=726"}],"curies":[{"name":"wp","href":"https:\/\/api.w.org\/{rel}","templated":true}]}}